{"id":199,"date":"2024-08-27T20:08:04","date_gmt":"2024-08-27T20:08:04","guid":{"rendered":"https:\/\/afrodias.org\/?page_id=199"},"modified":"2024-11-06T04:12:26","modified_gmt":"2024-11-06T04:12:26","slug":"fordern-spenden","status":"publish","type":"page","link":"https:\/\/afrodias.org\/index.php\/fordern-spenden\/","title":{"rendered":"F\u00f6rdern &amp; Spenden"},"content":{"rendered":"<p>Einmalige und regelm\u00e4\u00dfige Spenden aus unserer Afrodias-Community machen unsere Arbeit m\u00f6glich. Dein Beitrag sichert nicht nur unsere laufenden Projekte, sondern gew\u00e4hrleistet auch, dass wir weiterhin unabh\u00e4ngig und fokussiert an unseren Zielen arbeiten k\u00f6nnen.<\/p>\n<p><strong>Afrodias e.V.<\/strong><\/p>\n<\/p>\n<p><strong>IBAN: DE35 4405 0199 0071 0235 75<\/strong><\/p>\n<p><b>Sparkasse Dortmund<\/b><\/p>\n<\/p>\n<p><strong><br \/><\/strong><\/p>\n<p><strong>Kontakt<\/strong><br \/>Tel: +49 (0)152 133 330 18<br \/>E-Mail: info@afrodias.org<\/p>\n","protected":false},"excerpt":{"rendered":"<p>Einmalige und regelm\u00e4\u00dfige Spenden aus unserer Afrodias-Community machen unsere Arbeit m\u00f6glich. Dein Beitrag sichert nicht nur unsere laufenden Projekte, sondern gew\u00e4hrleistet auch, dass wir weiterhin unabh\u00e4ngig und fokussiert an unseren Zielen arbeiten k\u00f6nnen. Afrodias e.V. IBAN: DE35 4405 0199 0071 0235 75 Sparkasse Dortmund KontaktTel: +49 (0)152 133 330 18E-Mail: info@afrodias.org<\/p>\n","protected":false},"author":1,"featured_media":0,"parent":0,"menu_order":0,"comment_status":"closed","ping_status":"closed","template":"","meta":{"footnotes":""},"class_list":["post-199","page","type-page","status-publish","hentry"],"_links":{"self":[{"href":"https:\/\/afrodias.org\/index.php\/wp-json\/wp\/v2\/pages\/199","targetHints":{"allow":["GET"]}}],"collection":[{"href":"https:\/\/afrodias.org\/index.php\/wp-json\/wp\/v2\/pages"}],"about":[{"href":"https:\/\/afrodias.org\/index.php\/wp-json\/wp\/v2\/types\/page"}],"author":[{"embeddable":true,"href":"https:\/\/afrodias.org\/index.php\/wp-json\/wp\/v2\/users\/1"}],"replies":[{"embeddable":true,"href":"https:\/\/afrodias.org\/index.php\/wp-json\/wp\/v2\/comments?post=199"}],"version-history":[{"count":4,"href":"https:\/\/afrodias.org\/index.php\/wp-json\/wp\/v2\/pages\/199\/revisions"}],"predecessor-version":[{"id":207,"href":"https:\/\/afrodias.org\/index.php\/wp-json\/wp\/v2\/pages\/199\/revisions\/207"}],"wp:attachment":[{"href":"https:\/\/afrodias.org\/index.php\/wp-json\/wp\/v2\/media?parent=199"}],"curies":[{"name":"wp","href":"https:\/\/api.w.org\/{rel}","templated":true}]}}